{"id":454,"date":"2020-03-05T09:48:28","date_gmt":"2020-03-05T09:48:28","guid":{"rendered":"https:\/\/casello68.com\/?page_id=454"},"modified":"2022-03-04T17:07:39","modified_gmt":"2022-03-04T17:07:39","slug":"where-we-are","status":"publish","type":"page","link":"https:\/\/casello68.com\/it\/where-we-are\/","title":{"rendered":"Dove siamo"},"content":{"rendered":"\n<p>Casello 68 si trova in una posizione imbattibile! Siamo a 200 metri dalla spiaggia, 100 metri dai giardini di Piazza Staglieno, fulcro del paese, ricca di negozi, ristoranti, bar e supermercati. La stazione ferroviaria dista 15 minuti a piedi.<\/p>\n\n\n\n<p>Inoltre, ci troviamo letteralmente sul sentiero Nr. 1 che da Levanto arriva a Monterosso. Se volete godere di viste mozzafiato senza la folla onnipresente negli altri sentieri&#8230; mettete in valigia un paio di scarpe da trekking o da ginnastica!<\/p>\n\n\n\n<p>Tutte le comodit\u00e0 del centro senza essere disturbati dal rumore del traffico e dei locali notturni, perch\u00e9 Casello 68 \u00e8 nascosto in una stradina chiusa, dove l&#8217;accesso alle altre macchine \u00e8 limitato ai pochi residenti. <\/p>\n\n\n\n<div style=\"height:100px\" aria-hidden=\"true\" class=\"wp-block-spacer\"><\/div>\n\n\n\n<!-- Inizio - Booking Bed-and-breakfast.it --><script type=\"text\/javascript\" src=\"https:\/\/www.bed-and-breakfast.it\/scripts\/widget-richieste\/widget.cfm?idbooking=28105&amp;l=it&amp;colore=ir_grigio_chiaro&amp;orientamento=ir_responsive\"><\/script><!-- Fine - Booking Bed-and-breakfast.it -->\n","protected":false},"excerpt":{"rendered":"<p>Casello 68 si trova in una posizione imbattibile! Siamo a 200 metri dalla spiaggia, 100 metri dai giardini di Piazza Staglieno, fulcro del paese, ricca di negozi, ristoranti, bar e supermercati. La stazione ferroviaria dista 15 minuti a piedi. Inoltre, ci troviamo letteralmente sul sentiero Nr. 1 che da Levanto arriva a Monterosso. Se volete &hellip; <a href=\"https:\/\/casello68.com\/it\/where-we-are\/\" class=\"more-link\">Continue reading <span class=\"screen-reader-text\">Dove siamo<\/span><\/a><\/p>\n","protected":false},"author":156956018,"featured_media":0,"parent":0,"menu_order":0,"comment_status":"closed","ping_status":"closed","template":"","meta":{"advanced_seo_description":"","jetpack_seo_html_title":"","jetpack_seo_noindex":false,"footnotes":""},"class_list":["post-454","page","type-page","status-publish","hentry"],"translation":{"provider":"WPGlobus","version":"2.10.10","language":"it","enabled_languages":["en","it"],"languages":{"en":{"title":true,"content":true,"excerpt":false},"it":{"title":true,"content":true,"excerpt":false}}},"jetpack_shortlink":"https:\/\/wp.me\/PaWHYp-7k","jetpack_sharing_enabled":true,"_links":{"self":[{"href":"https:\/\/casello68.com\/it\/wp-json\/wp\/v2\/pages\/454","targetHints":{"allow":["GET"]}}],"collection":[{"href":"https:\/\/casello68.com\/it\/wp-json\/wp\/v2\/pages"}],"about":[{"href":"https:\/\/casello68.com\/it\/wp-json\/wp\/v2\/types\/page"}],"author":[{"embeddable":true,"href":"https:\/\/casello68.com\/it\/wp-json\/wp\/v2\/users\/156956018"}],"replies":[{"embeddable":true,"href":"https:\/\/casello68.com\/it\/wp-json\/wp\/v2\/comments?post=454"}],"version-history":[{"count":11,"href":"https:\/\/casello68.com\/it\/wp-json\/wp\/v2\/pages\/454\/revisions"}],"predecessor-version":[{"id":761,"href":"https:\/\/casello68.com\/it\/wp-json\/wp\/v2\/pages\/454\/revisions\/761"}],"wp:attachment":[{"href":"https:\/\/casello68.com\/it\/wp-json\/wp\/v2\/media?parent=454"}],"curies":[{"name":"wp","href":"https:\/\/api.w.org\/{rel}","templated":true}]}}